{"id":10,"date":"2016-02-26T15:46:24","date_gmt":"2016-02-26T14:46:24","guid":{"rendered":"http:\/\/ruthkraemer.de\/?page_id=10"},"modified":"2022-01-04T18:15:56","modified_gmt":"2022-01-04T17:15:56","slug":"funktionelle-osteopathie-und-craniosacrale-therapie","status":"publish","type":"page","link":"http:\/\/ruthkraemer.de\/?page_id=10","title":{"rendered":"funktionelle Osteopathie und craniosacrale Therapie"},"content":{"rendered":"[et_pb_section fb_built=&#8220;1&#8243; admin_label=&#8220;section&#8220; _builder_version=&#8220;4.11.1&#8243; custom_margin=&#8220;50px||||false|false&#8220; global_colors_info=&#8220;{}&#8220;][et_pb_row column_structure=&#8220;3_4,1_4&#8243; admin_label=&#8220;row&#8220; _builder_version=&#8220;4.11.1&#8243; background_size=&#8220;initial&#8220; background_position=&#8220;top_left&#8220; background_repeat=&#8220;repeat&#8220; width=&#8220;86%&#8220; custom_margin=&#8220;-25px||||false|false&#8220; global_colors_info=&#8220;{}&#8220;][et_pb_column type=&#8220;3_4&#8243; _builder_version=&#8220;3.25&#8243; custom_padding=&#8220;|||&#8220; global_colors_info=&#8220;{}&#8220; custom_padding__hover=&#8220;|||&#8220;][et_pb_text admin_label=&#8220;Text&#8220; _builder_version=&#8220;4.14.2&#8243; _module_preset=&#8220;default&#8220; custom_padding=&#8220;4px||3px|||&#8220; global_colors_info=&#8220;{}&#8220;]<h3>Funktionelle Osteopathie und craniosacrale Therapie<\/h3>[\/et_pb_text][et_pb_text admin_label=&#8220;Text&#8220; _builder_version=&#8220;3.27.4&#8243; background_size=&#8220;initial&#8220; background_position=&#8220;top_left&#8220; background_repeat=&#8220;repeat&#8220; custom_padding=&#8220;0px|||||&#8220; global_colors_info=&#8220;{}&#8220;]<div id=\"sub_container2\">\n<div id=\"content_container\" class=\"content\">\n<p><span style=\"color: #808080;\"><span style=\"color: #800000;\">Das Bindegewebe<\/span> bildet <span style=\"color: #800000;\">die Faszien<\/span>: das Umh\u00fcllungs-, Gleit- und Haltenetz f\u00fcr jede Struktur im K\u00f6rper, seien es Knochen, Gelenke, Muskelfasern oder Organe. Es bildet au\u00dferdem <span style=\"color: #800000;\">die fl\u00fcssige Grundstruktur, die Matrix<\/span>, die all unsere Zellen umflie\u00dft und \u00fcber osmotische Vorg\u00e4nge versorgt.<\/span><\/p>\n<p><span style=\"color: #808080;\">Gibt es Einschr\u00e4nkungen durch Verklebungen oder Verletzungen im Bindegewebe wird dadurch eine Stauung hervorgerufen, die zu einer verminderten Versorgung der betroffenen Region f\u00fchrt. Die Anh\u00e4ufung von Stoffwechselabf\u00e4llen und die verminderte Sauerstoffversorgung f\u00fchren zur Reizung der Nervenenden und damit zu Schmerz.<\/span><\/p>\n<p><span style=\"color: #808080;\">Die Funktionelle Osteopathie befasst sich mit der \u00e4u\u00dferen und inneren Beweglichkeit des Bindegewebes, wobei der Teilbereich der\u00a0craniosacralen Therapie dabei den Schwerpunkt auf den Bereich zwischen Sch\u00e4del (latein. cranium) und Kreuzbein (latein. sacrum) setzt.\u00a0Bei der osteopathischen wie auch bei der craniosacralen\u00a0Behandlung werden vorliegende Spannungsmuster zart ersp\u00fcrt und mit feinen und dabei \u00e4u\u00dferst effektiven Impulsen ausgeglichen.<\/span><\/p>\n<p><span style=\"color: #800000;\">\u201eStillgelegte\u201c Bereiche werden wieder eingebunden und belebt, die Versorgung des Gewebes verbessert und damit die Selbstheilung erm\u00f6glicht.<\/span><\/p>\n<p><span style=\"color: #808080;\">Die Arbeit an Gelenken, Kiefer, Wirbels\u00e4ule oder Becken verbindet sich in der osteopathischen Behandlung mit der Normalisierung der funktionellen Bewegungsm\u00f6glichkeiten \u00fcber das so genannte &#8222;Unwinding&#8220; (engl.: Entwirren). Dabei l\u00f6sen sich Blockaden wie Verspannungen im Nacken, Kiefer, R\u00fccken- oder Schulterbereich in zeitlupenhaft fl\u00fcssige Bewegungen auf, an Stelle von Verh\u00e4rtung und Enge treten <span style=\"color: #800000;\">Raum und Geschmeidigkeit<\/span>.<\/span><\/p>\n<p><span style=\"color: #808080;\">Bew\u00e4hrt haben sich die Osteopathie und die craniosacrale Therapie unter anderem bei folgenden Beschwerden:<\/span><\/p>\n<ul>\n<li><span style=\"color: #800000;\">R\u00fcckenschmerzen, Schulter-Nacken-HWS-Problematiken<\/span><\/li>\n<li><span style=\"color: #800000;\">LWS-Probleme, Ischias, Iliosacralgelenk (ISG)-Beschwerden<\/span><\/li>\n<li><span style=\"color: #800000;\">orthop\u00e4dische Probleme in der Schwangerschaft, z.B. Schmerzen in Becken, Symphyse oder R\u00fccken<\/span><\/li>\n<li><span style=\"color: #800000;\">Kopfschmerzen und Migr\u00e4ne<\/span><\/li>\n<li><span style=\"color: #800000;\">Kiefergelenksbeschwerden, Z\u00e4hneknirschen, Z\u00e4hnepressen<\/span><\/li>\n<li><span style=\"color: #800000;\">Tinnitus, Schwindel<\/span><\/li>\n<li><span style=\"color: #800000;\">Spannungszust\u00e4nde, Schlaflosigkeit, Stress<\/span><\/li>\n<li><span style=\"color: #800000;\">degenerative orthop\u00e4dische Erkrankungen, z.B. Arthrose von Knie, H\u00fcfte, Schulter<\/span><\/li>\n<li><span style=\"color: #800000;\">\u00dcberlastungssymptome wie Tennisellbogen, \u201eMausarm\u201c, Sehnenscheidenentz\u00fcndung, Fersensporn<\/span><\/li>\n<li><span style=\"color: #800000;\">funktionelle Beschwerden im Becken, Bauch- und Brustraum, z.B. Oberbauchsyndrom, Reizmagen, Atemeinschr\u00e4nkung durch Zwerchfellverspannung oder Blasenprobleme nach der Schwangerschaft\u00a0<\/span><\/li>\n<\/ul>\n<p><span style=\"color: #808080;\">Osteopathie f\u00fcr Kinder siehe Seite \u201e<a style=\"color: #808080;\" href=\"http:\/\/ruthkraemer.de\/wp-admin\/6.html\">Kinderbehandlung<\/a>\u201c.<\/span><\/p>\n<\/div>\n<\/div>\n<p><\/p>\n<p><\/p>[\/et_pb_text][\/et_pb_column][et_pb_column type=&#8220;1_4&#8243; _builder_version=&#8220;3.25&#8243; custom_padding=&#8220;|||&#8220; global_colors_info=&#8220;{}&#8220; custom_padding__hover=&#8220;|||&#8220;][et_pb_sidebar show_border=&#8220;off&#8220; _builder_version=&#8220;4.11.1&#8243; _module_preset=&#8220;default&#8220; header_font_size=&#8220;22px&#8220; background_color=&#8220;#FFFFFF&#8220; width=&#8220;100%&#8220; global_colors_info=&#8220;{}&#8220;][\/et_pb_sidebar][\/et_pb_column][\/et_pb_row][\/et_pb_section]","protected":false},"excerpt":{"rendered":"<p>Funktionelle Osteopathie und craniosacrale Therapie Das Bindegewebe bildet die Faszien: das Umh\u00fcllungs-, Gleit- und Haltenetz f\u00fcr jede Struktur im K\u00f6rper, seien es Knochen, Gelenke, Muskelfasern oder Organe. Es bildet au\u00dferdem die fl\u00fcssige Grundstruktur, die Matrix, die all unsere Zellen umflie\u00dft und \u00fcber osmotische Vorg\u00e4nge versorgt. Gibt es Einschr\u00e4nkungen durch Verklebungen oder Verletzungen im Bindegewebe wird [&hellip;]<\/p>\n","protected":false},"author":1,"featured_media":0,"parent":0,"menu_order":0,"comment_status":"closed","ping_status":"closed","template":"","meta":{"_et_pb_use_builder":"on","_et_pb_old_content":"<div id=\"sub_container2\">\n<div id=\"slogan\">\n<h3><span style=\"color: #800000;\">Ankommen\u2026<\/span><\/h3>\n<\/div>\n<div id=\"content_container\" class=\"content\">\n<h1><span style=\"font-size: 12px;\"><span style=\"font-size: 11px;\"><span style=\"font-size: 12px;\">\u00a0\u00a0\u00a0\u00a0\u00a0\u00a0\u00a0 <img class=\"alignleft wp-image-11\" title=\"Osteopathie- Craniosacrale Therapie\" src=\"http:\/\/ruthkraemer.de\/wp-content\/uploads\/2016\/02\/haendeumgesichtrechts-1.jpg\" alt=\"craniosacrale therapie\" width=\"203\" height=\"234\" \/><img class=\"alignleft wp-image-12\" title=\"Osteopathie, craniosacrale Therapie\" src=\"http:\/\/ruthkraemer.de\/wp-content\/uploads\/2016\/02\/temporale.jpg\" alt=\"craniosacrale therapie\" width=\"203\" height=\"234\" \/><\/span><\/span><\/span><\/h1>\n<div style=\"clear: both;\">\u00a0<\/div>\n<h2><span style=\"color: #800000;\">Funktionelle Osteopathie und craniosacrale Therapie<\/span><\/h2>\n<p><span style=\"color: #808080;\"><span style=\"color: #800000;\">Das Bindegewebe<\/span> bildet <span style=\"color: #800000;\">die Faszien<\/span>: das Umh\u00fcllungs-, Gleit- und Haltenetz f\u00fcr jede Struktur im K\u00f6rper, seien es Knochen, Gelenke, Muskelfasern oder Organe. Es bildet au\u00dferdem <span style=\"color: #800000;\">die fl\u00fcssige Grundstruktur, die Matrix<\/span>, die all unsere Zellen umflie\u00dft und \u00fcber osmotische Vorg\u00e4nge versorgt.<\/span><\/p>\n<p><span style=\"color: #808080;\">Gibt es Einschr\u00e4nkungen durch Verklebungen oder Verletzungen im Bindegewebe wird dadurch eine Stauung hervorgerufen, die zu einer verminderten Versorgung der betroffenen Region f\u00fchrt. Die Anh\u00e4ufung von Stoffwechselabf\u00e4llen und die verminderte Sauerstoffversorgung f\u00fchren zur Reizung der Nervenenden und damit zu Schmerz.<\/span><\/p>\n<p><span style=\"color: #808080;\">Die Funktionelle Osteopathie befasst sich mit der \u00e4u\u00dferen und inneren Beweglichkeit des Bindegewebes, wobei der Teilbereich der\u00a0craniosacralen Therapie dabei den Schwerpunkt auf den Bereich zwischen Sch\u00e4del (latein. cranium) und Kreuzbein (latein. sacrum) setzt.\u00a0Bei der osteopathischen wie auch bei der craniosacralen\u00a0Behandlung werden vorliegende Spannungsmuster zart ersp\u00fcrt und mit feinen und dabei \u00e4u\u00dferst effektiven Impulsen ausgeglichen.<\/span><\/p>\n<p><span style=\"color: #800000;\">\u201eStillgelegte\u201c Bereiche werden wieder eingebunden und belebt, die Versorgung des Gewebes verbessert und damit die Selbstheilung erm\u00f6glicht.<\/span><\/p>\n<p><span style=\"color: #808080;\">Die Arbeit an Gelenken, Kiefer, Wirbels\u00e4ule oder Becken verbindet sich in der osteopathischen Behandlung mit der Normalisierung der funktionellen Bewegungsm\u00f6glichkeiten \u00fcber das so genannte \"Unwinding\" (engl.: Entwirren). Dabei l\u00f6sen sich Blockaden wie Verspannungen im Nacken, Kiefer, R\u00fccken- oder Schulterbereich in zeitlupenhaft fl\u00fcssige Bewegungen auf, an Stelle von Verh\u00e4rtung und Enge treten <span style=\"color: #800000;\">Raum und Geschmeidigkeit<\/span>.<\/span><\/p>\n<p><span style=\"color: #808080;\">Bew\u00e4hrt haben sich die Osteopathie und die craniosacrale Therapie unter anderem bei folgenden Beschwerden:<\/span><\/p>\n<ul>\n<li><span style=\"color: #800000;\">R\u00fcckenschmerzen, Schulter-Nacken-HWS-Problematiken<\/span><\/li>\n<li><span style=\"color: #800000;\">LWS-Probleme, Ischias, Iliosacralgelenk (ISG)-Beschwerden<\/span><\/li>\n<li><span style=\"color: #800000;\">orthop\u00e4dische Probleme in der Schwangerschaft, z.B. Schmerzen in Becken, Symphyse oder R\u00fccken<\/span><\/li>\n<li><span style=\"color: #800000;\">Kopfschmerzen und Migr\u00e4ne<\/span><\/li>\n<li><span style=\"color: #800000;\">Kiefergelenksbeschwerden, Z\u00e4hneknirschen, Z\u00e4hnepressen<\/span><\/li>\n<li><span style=\"color: #800000;\">Tinnitus, Schwindel<\/span><\/li>\n<li><span style=\"color: #800000;\">Spannungszust\u00e4nde, Schlaflosigkeit, Stress<\/span><\/li>\n<li><span style=\"color: #800000;\">degenerative orthop\u00e4dische Erkrankungen, z.B. Arthrose von Knie, H\u00fcfte, Schulter<\/span><\/li>\n<li><span style=\"color: #800000;\">\u00dcberlastungssymptome wie Tennisellbogen, \u201eMausarm\u201c, Sehnenscheidenentz\u00fcndung, Fersensporn<\/span><\/li>\n<li><span style=\"color: #800000;\">funktionelle Beschwerden im Becken, Bauch- und Brustraum, z.B. Oberbauchsyndrom, Reizmagen, Atemeinschr\u00e4nkung durch Zwerchfellverspannung oder Blasenprobleme nach der Schwangerschaft\u00a0<\/span><\/li>\n<\/ul>\n<p><span style=\"color: #808080;\">Osteopathie f\u00fcr Kinder siehe Seite \u201e<a style=\"color: #808080;\" href=\"http:\/\/ruthkraemer.de\/wp-admin\/6.html\">Kinderbehandlung<\/a>\u201c.<\/span><\/p>\n<\/div>\n<\/div>\n\n<!-- wp:paragraph -->\n<p><\/p>\n<!-- \/wp:paragraph -->","_et_gb_content_width":"","footnotes":""},"class_list":["post-10","page","type-page","status-publish","hentry"],"_links":{"self":[{"href":"http:\/\/ruthkraemer.de\/index.php?rest_route=\/wp\/v2\/pages\/10","targetHints":{"allow":["GET"]}}],"collection":[{"href":"http:\/\/ruthkraemer.de\/index.php?rest_route=\/wp\/v2\/pages"}],"about":[{"href":"http:\/\/ruthkraemer.de\/index.php?rest_route=\/wp\/v2\/types\/page"}],"author":[{"embeddable":true,"href":"http:\/\/ruthkraemer.de\/index.php?rest_route=\/wp\/v2\/users\/1"}],"replies":[{"embeddable":true,"href":"http:\/\/ruthkraemer.de\/index.php?rest_route=%2Fwp%2Fv2%2Fcomments&post=10"}],"version-history":[{"count":20,"href":"http:\/\/ruthkraemer.de\/index.php?rest_route=\/wp\/v2\/pages\/10\/revisions"}],"predecessor-version":[{"id":370,"href":"http:\/\/ruthkraemer.de\/index.php?rest_route=\/wp\/v2\/pages\/10\/revisions\/370"}],"wp:attachment":[{"href":"http:\/\/ruthkraemer.de\/index.php?rest_route=%2Fwp%2Fv2%2Fmedia&parent=10"}],"curies":[{"name":"wp","href":"https:\/\/api.w.org\/{rel}","templated":true}]}}