{"id":28,"date":"2016-02-26T16:00:40","date_gmt":"2016-02-26T15:00:40","guid":{"rendered":"http:\/\/ruthkraemer.de\/?page_id=28"},"modified":"2026-01-27T10:06:25","modified_gmt":"2026-01-27T09:06:25","slug":"termine-abrechnung","status":"publish","type":"page","link":"http:\/\/ruthkraemer.de\/?page_id=28","title":{"rendered":"Termine, Kosten, Abrechnung"},"content":{"rendered":"<p>[et_pb_section fb_built=&#8220;1&#8243; _builder_version=&#8220;4.16&#8243; custom_padding=&#8220;70px||||false|false&#8220; global_colors_info=&#8220;{}&#8220;][et_pb_row column_structure=&#8220;3_4,1_4&#8243; _builder_version=&#8220;4.16&#8243; background_size=&#8220;initial&#8220; background_position=&#8220;top_left&#8220; background_repeat=&#8220;repeat&#8220; width=&#8220;86%&#8220; custom_margin=&#8220;-25px||||false|false&#8220; custom_padding=&#8220;|||6px||&#8220; global_colors_info=&#8220;{}&#8220;][et_pb_column type=&#8220;3_4&#8243; _builder_version=&#8220;4.16&#8243; custom_padding=&#8220;|||&#8220; global_colors_info=&#8220;{}&#8220; custom_padding__hover=&#8220;|||&#8220;][et_pb_text _builder_version=&#8220;4.16.1&#8243; _module_preset=&#8220;default&#8220; custom_margin=&#8220;||0px|||&#8220; custom_padding=&#8220;3px||8px|||&#8220; global_colors_info=&#8220;{}&#8220;]<\/p>\n<h3>Termine<\/h3>\n<p><span style=\"color: #4f4f4f;\">nach Vereinbarung. Die Terminbuchung ist per Onlinebuchung, pers\u00f6nlich, telefonisch, per E-Mail oder SMS m\u00f6glich.<\/span><\/p>\n<p><span style=\"color: #4f4f4f;\">Bitte beachten Sie, da\u00df ich eine Bestellpraxis f\u00fchre. Dadurch entstehen keine Wartezeiten, und es steht Ihnen meine ungeteilte Zeit und Aufmerksamkeit zur Verf\u00fcgung.<\/span><\/p>\n<p><span style=\"color: #4f4f4f;\">Sollten Sie einen vereinbarten Termin nicht wahrnehmen k\u00f6nnen, bitte ich Sie um m\u00f6glichst fr\u00fchzeitige Absage bis sp\u00e4testens 24 Stunden vor dem Termin per SMS, Mail oder \u00fcber den Absagelink in Ihrer Buchungsbest\u00e4tigung bzw. Terminerinnerungsmail.<\/span><\/p>\n<p><em>Bitte beachten Sie<\/em>: bei sp\u00e4terer oder fehlender Absage wird die Behandlungsgeb\u00fchr f\u00fcr den ausgefallenen Termin als Ausfallhonorar in Rechnung gestellt.<\/p>\n<p>&nbsp;<\/p>\n<p>Mittwochs finden Sie mich 1-2 Mal monatlich im Friedrichshain in der Praxis Andrea Renninghoff. Bei Interesse an einem Termin dort buchen Sie bitte direkt \u00fcber diese Seite: <a href=\"https:\/\/osteopathie-renninghoff.de\">https:\/\/osteopathie-renninghoff.de<\/a><\/p>\n<p>&nbsp;<\/p>\n<p>[\/et_pb_text][et_pb_text _builder_version=&#8220;4.16&#8243; _module_preset=&#8220;default&#8220; custom_padding=&#8220;0px|||||&#8220; global_colors_info=&#8220;{}&#8220;]<\/p>\n<h3>Kosten<\/h3>\n<p><span style=\"color: #4f4f4f;\">Behandlungen dauern ca. 50 Minuten inkl. Vorgespr\u00e4ch und kosten 110\u20ac. Die Bezahlung erfolgt in der Regel bar oder mit Karte (EC\/Debitcard) am Ende jeder Behandlung. Selbstverst\u00e4ndlich erhalten Sie eine Rechnung bzw. Quittung zur Vorlage bei Krankenkasse oder Finanzamt.<\/span><\/p>\n<p><span style=\"color: #4f4f4f;\">Ein Sozialrabatt ist m\u00f6glich, sprechen Sie mich gerne dazu an!<\/span><\/p>\n<p>&nbsp;<\/p>\n<p>[\/et_pb_text][et_pb_text _builder_version=&#8220;4.16&#8243; _module_preset=&#8220;default&#8220; custom_padding=&#8220;||3px|||&#8220; global_colors_info=&#8220;{}&#8220;]<\/p>\n<h3>Abrechnung<\/h3>\n<p><em>Sind sie privat versichert oder haben eine Zusatzversicherung f\u00fcr Heilpraktikerleistungen?<\/em><\/p>\n<p><span style=\"color: #4f4f4f;\">Die Abrechnung erfolgt nach den Ziffern der Geb\u00fchrenverordnung der Heilpraktiker.\u2028 Nach Rechnungsstellung und Einreichung zahlt Ihre private Krankenversicherung nach deren Versicherungsbedingungen.<\/span><\/p>\n<p><em>Sind Sie gesetzlich versichert?\u00a0 <\/em><\/p>\n<p><span style=\"color: #4f4f4f;\">Nach \u00e4rztlicher Empfehlung (Osteopathie auf Privatrezept) ist auch \u00fcber viele gesetzliche Krankenkassen eine anteilige Erstattung der Behandlung m\u00f6glich; bitte erkundigen Sie sich direkt bei Ihrer Kasse nach den Modalit\u00e4ten. Infos finden Sie auch unter <a href=\"https:\/\/www.osteokompass.de\/de-patienteninfo-krankenkassen.html\">https:\/\/www.osteokompass.de\/de-patienteninfo-krankenkassen.html<\/a><br \/><\/span><\/p>\n<p>\u00a0<span style=\"color: #4f4f4f;\">Ich erf\u00fclle die Voraussetzungen der gesetzlichen Krankenkassen zum Umfang der osteopathischen Ausbildung. Diese Qualifikation wird durch meine Mitgliedschaft im BVfO Osteopathenverband nachgewiesen.<\/span><\/p>\n<p><span style=\"color: #4f4f4f;\"><\/span><\/p>\n<p>[\/et_pb_text][\/et_pb_column][et_pb_column type=&#8220;1_4&#8243; _builder_version=&#8220;4.16&#8243; custom_padding=&#8220;|||&#8220; global_colors_info=&#8220;{}&#8220; custom_padding__hover=&#8220;|||&#8220;][et_pb_sidebar show_border=&#8220;off&#8220; _builder_version=&#8220;4.16&#8243; _module_preset=&#8220;default&#8220; header_font_size=&#8220;22px&#8220; background_color=&#8220;#FFFFFF&#8220; global_colors_info=&#8220;{}&#8220;][\/et_pb_sidebar][\/et_pb_column][\/et_pb_row][\/et_pb_section]<\/p>\n","protected":false},"excerpt":{"rendered":"<p>Termine nach Vereinbarung. Die Terminbuchung ist per Onlinebuchung, pers\u00f6nlich, telefonisch, per E-Mail oder SMS m\u00f6glich. Bitte beachten Sie, da\u00df ich eine Bestellpraxis f\u00fchre. Dadurch entstehen keine Wartezeiten, und es steht Ihnen meine ungeteilte Zeit und Aufmerksamkeit zur Verf\u00fcgung. Sollten Sie einen vereinbarten Termin nicht wahrnehmen k\u00f6nnen, bitte ich Sie um m\u00f6glichst fr\u00fchzeitige Absage bis sp\u00e4testens [&hellip;]<\/p>\n","protected":false},"author":1,"featured_media":0,"parent":0,"menu_order":0,"comment_status":"closed","ping_status":"closed","template":"","meta":{"_et_pb_use_builder":"on","_et_pb_old_content":"<!-- wp:heading {\"level\":3} -->\n<h3><span style=\"color: #808080;\"><span style=\"color: #800000;\">Termine<strong>&nbsp;<\/strong><\/span><\/span><\/h3>\n<!-- \/wp:heading -->\n\n<!-- wp:paragraph -->\n<p><span style=\"color: #808080;\"><span style=\"color: #800000;\">nach Vereinbarung<\/span>, diese ist pers\u00f6nlich, telefonisch, per E-Mail oder SMS oder <strong>Onlinebuchung <\/strong>m\u00f6glich<\/span>.<\/p>\n<!-- \/wp:paragraph -->\n\n<!-- wp:paragraph -->\n<p><span style=\"color: #808080;\">Bitte beachten Sie, da\u00df ich eine <span style=\"color: #800000;\">Bestellpraxis<\/span> f\u00fchre.<\/span><\/p>\n<!-- \/wp:paragraph -->\n\n<!-- wp:paragraph -->\n<p><span style=\"color: #808080;\">Dadurch entstehen keine Wartezeiten f\u00fcr die Patienten, und es steht Ihnen meine ungeteilte Zeit und Aufmerksamkeit zur Verf\u00fcgung.<\/span><\/p>\n<!-- \/wp:paragraph -->\n\n<!-- wp:paragraph -->\n<p><span style=\"color: #800000;\">Sollten Sie einen vereinbarten Termin nicht wahrnehmen k\u00f6nnen, bitte ich&nbsp;Sie&nbsp; um&nbsp;m\u00f6glichst fr\u00fchzeitige&nbsp;Absage bis sp\u00e4testens 24 Stunden vorher<span style=\"color: #808080;\">, da es sonst nicht m\u00f6glich ist, den Termin anderweitig zu vergeben.<\/span><\/span><\/p>\n<!-- \/wp:paragraph -->\n\n<!-- wp:paragraph -->\n<p><em><span style=\"color: #800000;\">Bitte beachten: bei sp\u00e4terer oder fehlender Absage stelle ich&nbsp;die \u00fcbliche Behandlungsgeb\u00fchr f\u00fcr den ausgefallenen Termin als Ausfallhonorar&nbsp;in Rechnung.<\/span><\/em><\/p>\n<!-- \/wp:paragraph -->\n\n<!-- wp:heading {\"level\":3} -->\n<h3>&nbsp;<span style=\"color: #800000;\">Kosten<\/span><\/h3>\n<!-- \/wp:heading -->\n\n<!-- wp:paragraph -->\n<p><span style=\"color: #808080;\">Behandlungen dauern <span style=\"color: #800000;\">ca. 50 Minuten<\/span> inkl. Vorgespr\u00e4ch und kosten f\u00fcr <span style=\"color: #800000;\">Selbstzahler 80,- Euro<\/span>. Die Bezahlung erfolgt in der Regel <span style=\"color: #800000;\">bar oder mit Kartenzahlung (EC\/Debitcard) am Ende jeder Behandlung<\/span>. <\/span><span style=\"color: #808080;\"><\/span><\/p>\n<!-- \/wp:paragraph -->\n\n<!-- wp:heading {\"level\":3} -->\n<h3><span style=\"color: #800000;\">Abrechnung:<\/span><\/h3>\n<!-- \/wp:heading -->\n\n<!-- wp:paragraph -->\n<p><span style=\"color: #800000;\">privat (als Selbstzahler) sowie \u00fcber private Krankenkassen und Zusatzversicherungen f\u00fcr Heilpraktikerleistunge<\/span>n. <span style=\"color: #808080;\">Nach \u00e4rztlicher Empfehlung (Osteopathie auf Privatrezept) ist auch \u00fcber <span style=\"color: #800000;\">viele gesetzliche Krankenkassen<\/span> eine anteilige Erstattung der Behandlung m\u00f6glich; bitte erkundigen Sie sich direkt bei Ihrer Kasse nach den Modalit\u00e4ten.<\/span><\/p>\n<!-- \/wp:paragraph -->","_et_gb_content_width":"","footnotes":""},"class_list":["post-28","page","type-page","status-publish","hentry"],"_links":{"self":[{"href":"http:\/\/ruthkraemer.de\/index.php?rest_route=\/wp\/v2\/pages\/28","targetHints":{"allow":["GET"]}}],"collection":[{"href":"http:\/\/ruthkraemer.de\/index.php?rest_route=\/wp\/v2\/pages"}],"about":[{"href":"http:\/\/ruthkraemer.de\/index.php?rest_route=\/wp\/v2\/types\/page"}],"author":[{"embeddable":true,"href":"http:\/\/ruthkraemer.de\/index.php?rest_route=\/wp\/v2\/users\/1"}],"replies":[{"embeddable":true,"href":"http:\/\/ruthkraemer.de\/index.php?rest_route=%2Fwp%2Fv2%2Fcomments&post=28"}],"version-history":[{"count":31,"href":"http:\/\/ruthkraemer.de\/index.php?rest_route=\/wp\/v2\/pages\/28\/revisions"}],"predecessor-version":[{"id":438,"href":"http:\/\/ruthkraemer.de\/index.php?rest_route=\/wp\/v2\/pages\/28\/revisions\/438"}],"wp:attachment":[{"href":"http:\/\/ruthkraemer.de\/index.php?rest_route=%2Fwp%2Fv2%2Fmedia&parent=28"}],"curies":[{"name":"wp","href":"https:\/\/api.w.org\/{rel}","templated":true}]}}