{"id":31,"date":"2016-02-26T16:02:32","date_gmt":"2016-02-26T15:02:32","guid":{"rendered":"http:\/\/ruthkraemer.de\/?page_id=31"},"modified":"2021-12-13T10:00:23","modified_gmt":"2021-12-13T09:00:23","slug":"seminarraum","status":"publish","type":"page","link":"http:\/\/ruthkraemer.de\/?page_id=31","title":{"rendered":"Seminarraum"},"content":{"rendered":"<p>[et_pb_section fb_built=&#8220;1&#8243; admin_label=&#8220;section&#8220; _builder_version=&#8220;4.11.1&#8243; hover_enabled=&#8220;0&#8243; global_colors_info=&#8220;{}&#8220; custom_padding=&#8220;50px||||false|false&#8220; sticky_enabled=&#8220;0&#8243;][et_pb_row column_structure=&#8220;3_4,1_4&#8243; _builder_version=&#8220;4.11.1&#8243; _module_preset=&#8220;default&#8220; width=&#8220;86%&#8220; custom_margin=&#8220;-25px||||false|false&#8220; global_colors_info=&#8220;{}&#8220;][et_pb_column type=&#8220;3_4&#8243; _builder_version=&#8220;4.11.1&#8243; _module_preset=&#8220;default&#8220; global_colors_info=&#8220;{}&#8220;][et_pb_text admin_label=&#8220;Text&#8220; _builder_version=&#8220;4.11.1&#8243; _module_preset=&#8220;default&#8220; global_colors_info=&#8220;{}&#8220;]<\/p>\n<h2><strong>Seminarraum zu vermieten<br \/><\/strong><\/h2>\n<p>[\/et_pb_text][et_pb_image src=&#8220;http:\/\/ruthkraemer.de\/wp-content\/uploads\/2016\/02\/Praxis1-1.jpg&#8220; alt=&#8220;Raumvermietung&#8220; title_text=&#8220;Praxis1&#8243; admin_label=&#8220;Bild&#8220; _builder_version=&#8220;4.11.1&#8243; _module_preset=&#8220;default&#8220; global_colors_info=&#8220;{}&#8220;][\/et_pb_image][et_pb_image src=&#8220;http:\/\/ruthkraemer.de\/wp-content\/uploads\/2016\/02\/Praxis3-1.jpg&#8220; alt=&#8220;Raumvermietung&#8220; title_text=&#8220;Praxis3&#8243; _builder_version=&#8220;4.11.1&#8243; _module_preset=&#8220;default&#8220; global_colors_info=&#8220;{}&#8220;][\/et_pb_image][\/et_pb_column][et_pb_column type=&#8220;1_4&#8243; _builder_version=&#8220;4.11.1&#8243; _module_preset=&#8220;default&#8220; global_colors_info=&#8220;{}&#8220;][et_pb_sidebar show_border=&#8220;off&#8220; _builder_version=&#8220;4.11.1&#8243; _module_preset=&#8220;default&#8220; header_font_size=&#8220;22px&#8220; background_color=&#8220;#FFFFFF&#8220; width=&#8220;100%&#8220; global_colors_info=&#8220;{}&#8220;][\/et_pb_sidebar][\/et_pb_column][\/et_pb_row][et_pb_row admin_label=&#8220;row&#8220; _builder_version=&#8220;3.25&#8243; background_size=&#8220;initial&#8220; background_position=&#8220;top_left&#8220; background_repeat=&#8220;repeat&#8220; global_colors_info=&#8220;{}&#8220;][et_pb_column type=&#8220;4_4&#8243; _builder_version=&#8220;3.25&#8243; custom_padding=&#8220;|||&#8220; global_colors_info=&#8220;{}&#8220; custom_padding__hover=&#8220;|||&#8220;][et_pb_text admin_label=&#8220;Text&#8220; _builder_version=&#8220;3.27.4&#8243; background_size=&#8220;initial&#8220; background_position=&#8220;top_left&#8220; background_repeat=&#8220;repeat&#8220; global_colors_info=&#8220;{}&#8220;]<\/p>\n<div class=\"et-fb-loader\" style=\"position: relative; margin-bottom: 40px;\"><\/div>\n<h2><span style=\"color: #800000;\"><strong>Seminarraum f\u00fcr Gruppenarbeit<\/strong><\/span><\/h2>\n<ul>\n<li><span style=\"color: #736e6e;\">tage- oder wochenendweise zu vermieten<\/span><\/li>\n<li><span style=\"color: #736e6e;\">wunderbare Atmosph\u00e4re, sonnig, 5 tiefe Fenster, edles Parkett, sch\u00f6ner Blick<\/span><\/li>\n<li><span style=\"color: #736e6e;\">45 qm, f\u00fcr Gruppen bis max. 12 Personen<\/span><\/li>\n<li><span style=\"color: #736e6e;\">beste Verkehrsanbindung, direkt am U-Bahnhof Senefelder Platz (U2), nur 2 Stationen vom Alexanderplatz<\/span><\/li>\n<li><span style=\"color: #736e6e;\">an der Grenze von Mitte und Prenzlauer Berg<\/span><\/li>\n<li><span style=\"color: #736e6e;\">viele Restaurants und Cafes in unmittelbarer Umgebung<\/span><\/li>\n<li><span style=\"color: #736e6e;\">ausgestattet mit Matten, Kissen, Sitzkissen, Decken, Musikanlage (CD, MP3-Anschluss)<br \/><\/span><\/li>\n<\/ul>\n<p><span style=\"color: #736e6e;\">weitere Bilder bei meinem Kollegen Stephan Eckeberg unter <a style=\"color: #736e6e;\" href=\"http:\/\/www.praxisampfefferberg.de\/\">www.praxisampfefferberg.de<\/a><\/span><\/p>\n<h3><span style=\"color: #736e6e; font-family: inherit;\">Preise und freie Termine auf Anfrage:<\/span><\/h3>\n<p><span style=\"color: #800000;\">Stephan Eckeberg :\u00a0 s.eckeberg@freenet.de,\u00a0 030- 440 512 51\u00a0\u00a0<\/span><\/p>\n<p><span style=\"color: #800000;\">Ruth Maria Kr\u00e4mer:\u00a0 post@ruthkraemer.de,\u00a0\u00a0\u00a0 030-440 512 50<\/span><\/p>\n<div class=\"et-fb-loader\" style=\"position: relative; margin-bottom: 40px;\"><\/div>\n<p>[\/et_pb_text][\/et_pb_column][\/et_pb_row][\/et_pb_section]<\/p>\n","protected":false},"excerpt":{"rendered":"<p>Seminarraum zu vermieten Seminarraum f\u00fcr Gruppenarbeit tage- oder wochenendweise zu vermieten wunderbare Atmosph\u00e4re, sonnig, 5 tiefe Fenster, edles Parkett, sch\u00f6ner Blick 45 qm, f\u00fcr Gruppen bis max. 12 Personen beste Verkehrsanbindung, direkt am U-Bahnhof Senefelder Platz (U2), nur 2 Stationen vom Alexanderplatz an der Grenze von Mitte und Prenzlauer Berg viele Restaurants und Cafes in [&hellip;]<\/p>\n","protected":false},"author":1,"featured_media":0,"parent":0,"menu_order":0,"comment_status":"closed","ping_status":"closed","template":"","meta":{"_et_pb_use_builder":"on","_et_pb_old_content":"[caption id=\"attachment_33\" align=\"aligncenter\" width=\"448\"]<img class=\"wp-image-33 size-full\" src=\"http:\/\/ruthkraemer.de\/wp-content\/uploads\/2016\/02\/Praxis1-1.jpg\" alt=\"Raumvermietung\" width=\"448\" height=\"299\" \/> <span style=\"color: #808080;\">Raumansicht hintere H\u00e4lfte<\/span>[\/caption]\r\n<h2><span style=\"color: #800000;\"><strong>Seminarraum f\u00fcr Gruppenarbeit<\/strong><\/span><\/h2>\r\n<ul>\r\n\t<li><span style=\"color: #736e6e;\">tage- oder wochenendweise zu vermieten<\/span><\/li>\r\n\t<li><span style=\"color: #736e6e;\">wunderbare Atmosph\u00e4re, sonnig, 5 tiefe Fenster, edles Parkett, sch\u00f6ner Blick<\/span><\/li>\r\n\t<li><span style=\"color: #736e6e;\">45 qm, f\u00fcr Gruppen bis max. 12 Personen<\/span><\/li>\r\n\t<li><span style=\"color: #736e6e;\">beste Verkehrsanbindung, direkt am U-Bahnhof Senefelder Platz (U2), nur 2 Stationen vom Alexanderplatz<\/span><\/li>\r\n\t<li><span style=\"color: #736e6e;\">an der Grenze von Mitte und Prenzlauer Berg<\/span><\/li>\r\n\t<li><span style=\"color: #736e6e;\">viele Restaurants und Cafes in unmittelbarer Umgebung<\/span><\/li>\r\n\t<li><span style=\"color: #736e6e;\">ausgestattet mit Matten, Kissen, Sitzkissen, Decken, Musikanlage (CD, Kassette, MP3-Anschluss)\r\n<\/span><\/li>\r\n<\/ul>\r\n<span style=\"color: #736e6e;\">weitere Bilder bei meinem Kollegen Stephan Eckeberg unter <a style=\"color: #736e6e;\" href=\"http:\/\/www.praxisampfefferberg.de\/\">www.praxisampfefferberg.de<\/a><\/span>\r\n<h3><span style=\"color: #736e6e;\"><strong>Preise und freie Termine auf Anfrage:\u00a0<\/strong><\/span><\/h3>\r\n<span style=\"color: #800000;\"><strong>Stephan Eckeberg :\u00a0 s.eckeberg@freenet.de,\u00a0 030- 440 512 51\u00a0\u00a0<\/strong><\/span>\r\n\r\n<span style=\"color: #800000;\"><strong>Ruth Maria Kr\u00e4mer:\u00a0 post@ruthkraemer.de,\u00a0\u00a0\u00a0 030-440 512 50<\/strong><\/span>\r\n\r\n[caption id=\"attachment_32\" align=\"alignnone\" width=\"448\"]<img class=\"wp-image-32 size-full\" src=\"http:\/\/ruthkraemer.de\/wp-content\/uploads\/2016\/02\/Praxis3-1.jpg\" alt=\"Raumvermietung\" width=\"448\" height=\"299\" \/> <span style=\"color: #808080;\">Raumansicht vordere H\u00e4lfte<\/span>[\/caption]","_et_gb_content_width":"","footnotes":""},"class_list":["post-31","page","type-page","status-publish","hentry"],"_links":{"self":[{"href":"http:\/\/ruthkraemer.de\/index.php?rest_route=\/wp\/v2\/pages\/31","targetHints":{"allow":["GET"]}}],"collection":[{"href":"http:\/\/ruthkraemer.de\/index.php?rest_route=\/wp\/v2\/pages"}],"about":[{"href":"http:\/\/ruthkraemer.de\/index.php?rest_route=\/wp\/v2\/types\/page"}],"author":[{"embeddable":true,"href":"http:\/\/ruthkraemer.de\/index.php?rest_route=\/wp\/v2\/users\/1"}],"replies":[{"embeddable":true,"href":"http:\/\/ruthkraemer.de\/index.php?rest_route=%2Fwp%2Fv2%2Fcomments&post=31"}],"version-history":[{"count":11,"href":"http:\/\/ruthkraemer.de\/index.php?rest_route=\/wp\/v2\/pages\/31\/revisions"}],"predecessor-version":[{"id":323,"href":"http:\/\/ruthkraemer.de\/index.php?rest_route=\/wp\/v2\/pages\/31\/revisions\/323"}],"wp:attachment":[{"href":"http:\/\/ruthkraemer.de\/index.php?rest_route=%2Fwp%2Fv2%2Fmedia&parent=31"}],"curies":[{"name":"wp","href":"https:\/\/api.w.org\/{rel}","templated":true}]}}