{"id":37,"date":"2016-02-26T16:03:48","date_gmt":"2016-02-26T15:03:48","guid":{"rendered":"http:\/\/ruthkraemer.de\/?page_id=37"},"modified":"2018-05-25T14:15:19","modified_gmt":"2018-05-25T12:15:19","slug":"impressum","status":"publish","type":"page","link":"http:\/\/ruthkraemer.de\/?page_id=37","title":{"rendered":"Impressum"},"content":{"rendered":"<p><u>Impressum<\/u><\/p>\n<p>Ruth Maria Kr\u00e4mer, Heilpraktikerin<br \/>\nSch\u00f6nhauser Allee 177<br \/>\n10119 Berlin<br \/>\nTelefon: 030 \/ 440 512 50<br \/>\nEmail: post@ruthkraemer.de<\/p>\n<p>Verantwortlich f\u00fcr die Homepage: Ruth Kr\u00e4mer<\/p>\n<p>Gesetzliche Berufsbezeichnung: Heilpraktiker<\/p>\n<p>(verliehen in der Bundesrepublik Deutschland)<\/p>\n<p>Berufsordnung: Nachzulesen im Internet unter <a href=\"http:\/\/www.bdh-online.de\/178.0.html\">http:\/\/www.bdh-online.de\/178.0.html<\/a><\/p>\n<p>Zust\u00e4ndige Aufsichtsbeh\u00f6rde:<br \/>\nGesundheitsamt in Berlin<\/p>\n<p>Tag der amts\u00e4rztlichen \u00dcberpr\u00fcfung: 18.12.1996<br \/>\nBeh\u00f6rdliche Zulassung durch Gesundheitsamt in: Berlin Tempelhof<br \/>\nUmsatzsteuer-ID: Steuer-Nr. 31\/395\/63711<\/p>\n<p><a href=\"https:\/\/carlos.berlin\/piwik\/index.php?module=CoreAdminHome&amp;action=optOut&amp;language=de&amp;backgroundColor=ffffff&amp;fontColor=000000\" target=\"_blank\" rel=\"noopener\">F\u00fcr die Webanalyse wird Matomo auf carlos.berlin verwendet, aber &#8222;privacy is not a crime!&#8220; Klick hier zum Tracking stoppen!<\/a><\/p>\n<h1>Internet Disclaimer \/ Haftungsausschluss<\/h1>\n<p>Wir begr\u00fc\u00dfen jeden Interessierten auf unserer Homepage.<\/p>\n<p>Wir weisen darauf hin, dass sich diese Homepage und s\u00e4mtliche Informationen auf der Homepage nach deutschem Recht richten. Jeder Benutzer, welcher \u00fcber diesen Disclaimer hinweggeht, um auf unseren einzelnen Seiten Zugriff zu nehmen, erkennt mit dem Weiterbl\u00e4ttern der Seite an, dass sich die Beziehung zwischen ihm und uns ausschlie\u00dflich nach deutschem Recht richtet.<\/p>\n<p>Vorsorglich weisen wir darauf hin, dass die von uns abgegebenen Informationen auf der Homepage nicht genutzt werden k\u00f6nnen, um Krankheiten oder Leiden selbst zu erkennen und therapieren.<\/p>\n<p>F\u00fcr die Vollst\u00e4ndigkeit, Richtigkeit und Aktualit\u00e4t der Informationen auf dieser Homepage k\u00f6nnen wir bei aller Sorgfalt keine Garantie \u00fcbernehmen.<\/p>\n<p>Wir k\u00f6nnen nicht ausschlie\u00dfen, dass unsere Internetseiten auch Informationen durch Dritte aufweisen. F\u00fcr diese Informationen k\u00f6nnen wir keine Haftung \u00fcbernehmen.<\/p>\n<p>Unser Angebot enth\u00e4lt Links zu externen Webseiten Dritter, auf deren Inhalte wir keinen Einfluss haben. Darum k\u00f6nnen wir f\u00fcr diese fremden Inhalte auch keine Gew\u00e4hr \u00fcbernehmen. F\u00fcr den Inhalt der verlinkten Seiten ist stets der jeweilige Anbieter oder Betreiber der Seiten verantwortlich. Rechtswidrige Inhalte waren zum Zeitpunkt der Verlinkung nicht erkennbar. Bei Bekanntwerden von Rechtsverletzungen werden wir derartige Links umgehend entfernen<br \/>\nS\u00e4mtliche Texte und Grafiken auf unseren Homepages sind urheberrechtlich oder durch sonstige Schutzrechte gesch\u00fctzt. Der Gebrauch oder die Vervielf\u00e4ltigung dieser Grafiken und Texte ist ohne die vorherige schriftliche Genehmigung durch uns nicht gestattet. Insbesondere werden wir es nicht gestatten, dass Produktbezeichnungen, welche grunds\u00e4tzlich Markenschutz genie\u00dfen, von Dritten gebraucht werden.<\/p>\n<p>Um die Internetseite aktuell halten zu k\u00f6nnen, werden wir selbstverst\u00e4ndlich die Texte gegebenenfalls \u00e4ndern und \/ oder erg\u00e4nzen. Eine Haftung aus dem Inhalt der Internetseiten ergibt sich nicht.<\/p>\n<div id=\"datenschutzhinweise_html_text_output_div\" class=\"datenschutzhinweise_html_text_output html_text_output\"><a href=\"http:\/\/ruthkraemer.de\/datenschutzerklaerung\/\">Hier geht es zur Datenschutzerkl\u00e4rung!<\/a><\/div>\n<div id=\"datenschutzhinweise_html_text_output_div\" class=\"datenschutzhinweise_html_text_output html_text_output\">\n<p>&nbsp;<\/p>\n<\/div>\n","protected":false},"excerpt":{"rendered":"<p>Impressum Ruth Maria Kr\u00e4mer, Heilpraktikerin Sch\u00f6nhauser Allee 177 10119 Berlin Telefon: 030 \/ 440 512 50 Email: post@ruthkraemer.de Verantwortlich f\u00fcr die Homepage: Ruth Kr\u00e4mer Gesetzliche Berufsbezeichnung: Heilpraktiker (verliehen in der Bundesrepublik Deutschland) Berufsordnung: Nachzulesen im Internet unter http:\/\/www.bdh-online.de\/178.0.html Zust\u00e4ndige Aufsichtsbeh\u00f6rde: Gesundheitsamt in Berlin Tag der amts\u00e4rztlichen \u00dcberpr\u00fcfung: 18.12.1996 Beh\u00f6rdliche Zulassung durch Gesundheitsamt in: Berlin Tempelhof [&hellip;]<\/p>\n","protected":false},"author":1,"featured_media":0,"parent":0,"menu_order":0,"comment_status":"closed","ping_status":"closed","template":"","meta":{"_et_pb_use_builder":"","_et_pb_old_content":"","_et_gb_content_width":"","footnotes":""},"class_list":["post-37","page","type-page","status-publish","hentry"],"_links":{"self":[{"href":"http:\/\/ruthkraemer.de\/index.php?rest_route=\/wp\/v2\/pages\/37","targetHints":{"allow":["GET"]}}],"collection":[{"href":"http:\/\/ruthkraemer.de\/index.php?rest_route=\/wp\/v2\/pages"}],"about":[{"href":"http:\/\/ruthkraemer.de\/index.php?rest_route=\/wp\/v2\/types\/page"}],"author":[{"embeddable":true,"href":"http:\/\/ruthkraemer.de\/index.php?rest_route=\/wp\/v2\/users\/1"}],"replies":[{"embeddable":true,"href":"http:\/\/ruthkraemer.de\/index.php?rest_route=%2Fwp%2Fv2%2Fcomments&post=37"}],"version-history":[{"count":9,"href":"http:\/\/ruthkraemer.de\/index.php?rest_route=\/wp\/v2\/pages\/37\/revisions"}],"predecessor-version":[{"id":129,"href":"http:\/\/ruthkraemer.de\/index.php?rest_route=\/wp\/v2\/pages\/37\/revisions\/129"}],"wp:attachment":[{"href":"http:\/\/ruthkraemer.de\/index.php?rest_route=%2Fwp%2Fv2%2Fmedia&parent=37"}],"curies":[{"name":"wp","href":"https:\/\/api.w.org\/{rel}","templated":true}]}}