{"id":49,"date":"2016-02-26T16:06:17","date_gmt":"2016-02-26T15:06:17","guid":{"rendered":"http:\/\/ruthkraemer.de\/?page_id=49"},"modified":"2023-11-14T15:40:38","modified_gmt":"2023-11-14T14:40:38","slug":"ueber-mich-ruth-maria-kraemer","status":"publish","type":"page","link":"http:\/\/ruthkraemer.de\/?page_id=49","title":{"rendered":"\u00fcber mich &#8211; Ruth Maria Kr\u00e4mer"},"content":{"rendered":"<p>[et_pb_section fb_built=&#8220;1&#8243; admin_label=&#8220;section&#8220; _builder_version=&#8220;4.16&#8243; custom_padding=&#8220;50px||||false|false&#8220; global_colors_info=&#8220;{}&#8220;][et_pb_row column_structure=&#8220;3_4,1_4&#8243; admin_label=&#8220;row&#8220; _builder_version=&#8220;4.16&#8243; background_size=&#8220;initial&#8220; background_position=&#8220;top_left&#8220; background_repeat=&#8220;repeat&#8220; width=&#8220;85.6%&#8220; custom_margin=&#8220;-25px|||auto|false|false&#8220; custom_padding=&#8220;||||false|false&#8220; global_colors_info=&#8220;{}&#8220;][et_pb_column type=&#8220;3_4&#8243; _builder_version=&#8220;4.16&#8243; custom_padding=&#8220;|||&#8220; global_colors_info=&#8220;{}&#8220; custom_padding__hover=&#8220;|||&#8220;][et_pb_text _builder_version=&#8220;4.16&#8243; _module_preset=&#8220;default&#8220; custom_margin=&#8220;||8px|||&#8220; custom_padding=&#8220;4px||0px|||&#8220; global_colors_info=&#8220;{}&#8220;]<\/p>\n<h3>\u00dcber mich<\/h3>\n<p>[\/et_pb_text][et_pb_image src=&#8220;http:\/\/ruthkraemer.de\/wp-content\/uploads\/2016\/02\/Ruth2querWeb.jpg&#8220; alt=&#8220;Ruth Maria Kr\u00e4mer&#8220; title_text=&#8220;Ruth+2querWeb&#8220; _builder_version=&#8220;4.16.1&#8243; _module_preset=&#8220;default&#8220; global_colors_info=&#8220;{}&#8220;][\/et_pb_image][et_pb_text admin_label=&#8220;Text&#8220; _builder_version=&#8220;4.16&#8243; background_size=&#8220;initial&#8220; background_position=&#8220;top_left&#8220; background_repeat=&#8220;repeat&#8220; custom_margin=&#8220;-10px|||||&#8220; global_colors_info=&#8220;{}&#8220;]<\/p>\n<h3><\/h3>\n<p><strong><span style=\"color: #cc0504;\"><span style=\"color: #ffffff;\">.<\/span><\/span><\/strong>Ich bin Heilpraktikerin und seit 1998 in eigener Praxis t\u00e4tig.<\/p>\n<ul>\n<li value=\"0\">Heilpraktiker- und Hom\u00f6opathieausbildung an der Samuel-Hahnemann-Schule Berlin 1993-1996<\/li>\n<li value=\"0\">Ausbildung in K\u00f6rperorientierter Psychotherapie (Souling) bei Martin Siems, Hamburg 1996-2002<\/li>\n<li value=\"0\">Ausbildung und Assistenz in craniosacraler und funktioneller osteopathischer Arbeit bei Alfred Stollenwerk\/ CURA seit 2004, seitdem kontinuierliche Fortbildung<\/li>\n<li value=\"0\">Osteopathin F.O., ordentliches Mitglied im BVFO (Berufsverband f\u00fcr funktionelle Osteopathie) seit 2012<\/li>\n<li value=\"0\">Pflanzenheilkunde\/Phytotherapie bei Klaus Kr\u00e4mer 2008-2010<\/li>\n<li value=\"0\">Fortbildung in Neoschamanischem Heilen bei Andreas Kr\u00fcger\/Samuel-Hahnemann-Schule 2009-2012<\/li>\n<li value=\"0\">diverse weitere Fortbildungen in und\/oder eigene Erfahrung z.B. mit Familienstellen, EMDR<\/li>\n<li value=\"0\">Kurse am Arthur-Findlay-College, Stansted\/ England, zu Spiritual Healing 2019, 2020<\/li>\n<\/ul>\n<p>Ich bin verheiratet und habe drei Kinder.<\/p>\n<p>&nbsp;<\/p>\n<p>&nbsp;<\/p>\n<p>[\/et_pb_text][\/et_pb_column][et_pb_column type=&#8220;1_4&#8243; _builder_version=&#8220;4.16&#8243; custom_padding=&#8220;|||&#8220; global_colors_info=&#8220;{}&#8220; custom_padding__hover=&#8220;|||&#8220;][et_pb_sidebar show_border=&#8220;off&#8220; _builder_version=&#8220;4.16&#8243; _module_preset=&#8220;default&#8220; header_font_size=&#8220;22px&#8220; background_color=&#8220;#FFFFFF&#8220; width=&#8220;100%&#8220; global_colors_info=&#8220;{}&#8220;][\/et_pb_sidebar][\/et_pb_column][\/et_pb_row][\/et_pb_section]<\/p>\n","protected":false},"excerpt":{"rendered":"<p>\u00dcber mich .Ich bin Heilpraktikerin und seit 1998 in eigener Praxis t\u00e4tig. Heilpraktiker- und Hom\u00f6opathieausbildung an der Samuel-Hahnemann-Schule Berlin 1993-1996 Ausbildung in K\u00f6rperorientierter Psychotherapie (Souling) bei Martin Siems, Hamburg 1996-2002 Ausbildung und Assistenz in craniosacraler und funktioneller osteopathischer Arbeit bei Alfred Stollenwerk\/ CURA seit 2004, seitdem kontinuierliche Fortbildung Osteopathin F.O., ordentliches Mitglied im BVFO (Berufsverband [&hellip;]<\/p>\n","protected":false},"author":1,"featured_media":0,"parent":0,"menu_order":0,"comment_status":"closed","ping_status":"closed","template":"","meta":{"_et_pb_use_builder":"on","_et_pb_old_content":"Angekommen in Berlin vor \u00fcber 25 Jahren bin ich immer wieder mit den Themen \"Ankommen\" und \"Beheimatung\" befasst.\r\n<h3><\/h3>\r\n<strong><span style=\"color: #cc0504;\">\u00dcber mich:<\/span><\/strong>\r\n\r\n<strong><span style=\"color: #cc0504;\"><span style=\"color: #ffffff;\">.<\/span><\/span><\/strong>Ich bin Heilpraktikerin und seit 1998 in eigener Praxis t\u00e4tig.\r\n<ul>\r\n \t<li value=\"0\">Heilpraktiker- und Hom\u00f6opathieausbildung an der Samuel-Hahnemann-Schule Berlin 1993-1996, au\u00dferdem zahlreiche Fortbildungen dort<\/li>\r\n \t<li value=\"0\">Ausbildung in K\u00f6rperorientierter Psychotherapie (Souling) bei Martin Siems, Hamburg 1996-2002<\/li>\r\n \t<li value=\"0\">Ausbildung und Assistenz in craniosacraler und funktioneller osteopathischer Arbeit bei Alfred Stollenwerk\/ CURA seit 2004, seitdem kontinuierliche Fortbildung dort<\/li>\r\n \t<li value=\"0\">Osteopathin F.O., ordentliches Mitglied im BVFO \u00a0(Berufsverband\u00a0f\u00fcr\u00a0funktionelle Osteopathie) seit 2012<\/li>\r\n \t<li value=\"0\">Fortbildung in Neoschamanischem Heilen bei Andreas Kr\u00fcger\/Samuel-Hahnemann-Schule 2009-2012, Mitarbeit im schamanischen Ambulatorium<\/li>\r\n \t<li value=\"0\">diverse weitere Fortbildungen in und\/oder eigene Erfahrung mit Familienstellen, EMDR, Heilen mit Zeichen, Testverfahren, ...<\/li>\r\n<\/ul>\r\nIch bin verheiratet und habe drei Kinder.\r\n\r\n<img class=\"alignnone wp-image-23 size-full\" src=\"http:\/\/ruthkraemer.de\/wp-content\/uploads\/2016\/02\/Ruth2querWeb.jpg\" alt=\"Ruth Maria Kr\u00e4mer\" width=\"448\" height=\"324\" \/>","_et_gb_content_width":"","footnotes":""},"class_list":["post-49","page","type-page","status-publish","hentry"],"_links":{"self":[{"href":"http:\/\/ruthkraemer.de\/index.php?rest_route=\/wp\/v2\/pages\/49","targetHints":{"allow":["GET"]}}],"collection":[{"href":"http:\/\/ruthkraemer.de\/index.php?rest_route=\/wp\/v2\/pages"}],"about":[{"href":"http:\/\/ruthkraemer.de\/index.php?rest_route=\/wp\/v2\/types\/page"}],"author":[{"embeddable":true,"href":"http:\/\/ruthkraemer.de\/index.php?rest_route=\/wp\/v2\/users\/1"}],"replies":[{"embeddable":true,"href":"http:\/\/ruthkraemer.de\/index.php?rest_route=%2Fwp%2Fv2%2Fcomments&post=49"}],"version-history":[{"count":16,"href":"http:\/\/ruthkraemer.de\/index.php?rest_route=\/wp\/v2\/pages\/49\/revisions"}],"predecessor-version":[{"id":430,"href":"http:\/\/ruthkraemer.de\/index.php?rest_route=\/wp\/v2\/pages\/49\/revisions\/430"}],"wp:attachment":[{"href":"http:\/\/ruthkraemer.de\/index.php?rest_route=%2Fwp%2Fv2%2Fmedia&parent=49"}],"curies":[{"name":"wp","href":"https:\/\/api.w.org\/{rel}","templated":true}]}}