{"id":6,"date":"2016-02-26T15:41:01","date_gmt":"2016-02-26T14:41:01","guid":{"rendered":"http:\/\/ruthkraemer.de\/?page_id=6"},"modified":"2024-04-17T12:13:43","modified_gmt":"2024-04-17T10:13:43","slug":"ankommen-osteopathie-berlin","status":"publish","type":"page","link":"http:\/\/ruthkraemer.de\/","title":{"rendered":"Ankommen- Osteopathie in Berlin"},"content":{"rendered":"<p>[et_pb_section fb_built=&#8220;1&#8243; _builder_version=&#8220;4.16&#8243; global_colors_info=&#8220;{}&#8220;][et_pb_row column_structure=&#8220;3_4,1_4&#8243; _builder_version=&#8220;4.16&#8243; background_size=&#8220;initial&#8220; background_position=&#8220;top_left&#8220; background_repeat=&#8220;repeat&#8220; global_colors_info=&#8220;{}&#8220;][et_pb_column type=&#8220;3_4&#8243; _builder_version=&#8220;4.16&#8243; custom_padding=&#8220;|||&#8220; global_colors_info=&#8220;{}&#8220; custom_padding__hover=&#8220;|||&#8220;][et_pb_text _builder_version=&#8220;4.16&#8243; background_size=&#8220;initial&#8220; background_position=&#8220;top_left&#8220; background_repeat=&#8220;repeat&#8220; global_colors_info=&#8220;{}&#8220;]<!-- divi:preformatted --><!-- \/divi:preformatted --><!-- divi:media-text --><\/p>\n<div class=\"wp-block-media-text alignwide is-stacked-on-mobile\">\n<figure class=\"wp-block-media-text__media\"><\/figure>\n<div class=\"wp-block-media-text__content\"><!-- divi:paragraph {\"placeholder\":\"Inhalt...\",\"fontSize\":\"large\"} --><\/p>\n<p class=\"has-large-font-size\"><!-- \/divi:paragraph --><\/p>\n<\/div>\n<\/div>\n<p><!-- \/divi:media-text --><\/p>\n<h3><span style=\"color: #880000;\"><span style=\"font-size: 12px;\"><span style=\"font-size: 14px;\"><span style=\"font-size: 18px;\"><span style=\"font-size: 18px;\">Ankommen&#8230;<\/span><\/span><\/span><\/span><\/span><span style=\"color: #880000;\"><span style=\"font-size: 12px;\"><span style=\"font-size: 14px;\"><span style=\"font-size: 18px;\"><span style=\"font-size: 18px;\"><\/span><\/span><\/span><\/span><\/span><\/h3>\n<p><img loading=\"lazy\" decoding=\"async\" class=\"alignnone wp-image-23 size-medium\" title=\"Ruth Maria Kr\u00e4mer\" src=\"http:\/\/ruthkraemer.de\/wp-content\/uploads\/2016\/02\/Ruth2querWeb-300x217.jpg\" alt=\"Ruth Maria Kr\u00e4mer\" width=\"300\" height=\"217\" srcset=\"http:\/\/ruthkraemer.de\/wp-content\/uploads\/2016\/02\/Ruth2querWeb-300x217.jpg 300w, http:\/\/ruthkraemer.de\/wp-content\/uploads\/2016\/02\/Ruth2querWeb.jpg 448w\" sizes=\"(max-width: 300px) 100vw, 300px\" \/><\/p>\n<h3><span style=\"color: #800000;\">Ruth Maria Kr\u00e4mer, Heilpraktikerin, Osteopath F.O.<\/span><\/h3>\n<p><span style=\"color: #808080;\">Funktionelle Osteopathie und craniosacrale Therapie f\u00fcr Neugeborene, Babys, Kinder und Erwachsene<\/span><\/p>\n<p>&nbsp;<\/p>\n<p><span style=\"color: #800000;\"><strong>\u00a0 \u00a0 \u00a0 Ankommen\u2026<\/strong><\/span><\/p>\n<p style=\"text-align: justify; padding-left: 30px;\"><span style=\"color: #800000;\">Ankommen in mir.<\/span><\/p>\n<p style=\"text-align: justify; padding-left: 30px;\"><span style=\"color: #800000;\">\u201eZu Hause sein\u201c.<\/span><\/p>\n<p style=\"text-align: justify; padding-left: 30px;\"><span style=\"color: #800000;\">Ankommen in einem mir gem\u00e4\u00dfen Spannungsmuster.<\/span><\/p>\n<p style=\"text-align: justify; padding-left: 30px;\"><span style=\"color: #800000;\">Ankommen in der Leichtigkeit und M\u00fchelosigkeit freier Bewegung.<\/span><\/p>\n<p style=\"text-align: justify; padding-left: 30px;\"><span style=\"color: #800000;\">Ankommen und dabei im Fluss sein.<\/span><\/p>\n<p>&nbsp;<\/p>\n<p><span style=\"color: #808080;\">Darin unterst\u00fctze ich Sie gern\u00a0mit meinem Engagement, meiner Erfahrung und Kompetenz!<\/span><\/p>\n<p><span style=\"color: #808080;\"><strong>Willkommen!\u00a0\u00a0\u00a0<\/strong><\/span><\/p>\n<p><!--more--><\/p>\n<div id=\"content_container\" class=\"content\">\n<h4><\/h4>\n<p>&nbsp;<\/p>\n<\/div>\n<p>[\/et_pb_text][\/et_pb_column][et_pb_column type=&#8220;1_4&#8243; _builder_version=&#8220;4.16&#8243; custom_padding=&#8220;|||&#8220; global_colors_info=&#8220;{}&#8220; custom_padding__hover=&#8220;|||&#8220;][et_pb_sidebar show_border=&#8220;off&#8220; _builder_version=&#8220;4.23.4&#8243; _module_preset=&#8220;default&#8220; header_font_size=&#8220;22px&#8220; background_color=&#8220;#FFFFFF&#8220; width=&#8220;100%&#8220; hover_enabled=&#8220;0&#8243; global_colors_info=&#8220;{}&#8220; sticky_enabled=&#8220;0&#8243;][\/et_pb_sidebar][\/et_pb_column][\/et_pb_row][et_pb_row column_structure=&#8220;3_5,2_5&#8243; _builder_version=&#8220;4.16.1&#8243; _module_preset=&#8220;default&#8220; global_colors_info=&#8220;{}&#8220;][et_pb_column type=&#8220;3_5&#8243; _builder_version=&#8220;4.16.1&#8243; _module_preset=&#8220;default&#8220; global_colors_info=&#8220;{}&#8220;][\/et_pb_column][et_pb_column type=&#8220;2_5&#8243; _builder_version=&#8220;4.16.1&#8243; _module_preset=&#8220;default&#8220; global_colors_info=&#8220;{}&#8220;][\/et_pb_column][\/et_pb_row][\/et_pb_section]<\/p>\n","protected":false},"excerpt":{"rendered":"<p>Ankommen&#8230; Ruth Maria Kr\u00e4mer, Heilpraktikerin, Osteopath F.O. Funktionelle Osteopathie und craniosacrale Therapie f\u00fcr Neugeborene, Babys, Kinder und Erwachsene &nbsp; \u00a0 \u00a0 \u00a0 Ankommen\u2026 Ankommen in mir. \u201eZu Hause sein\u201c. Ankommen in einem mir gem\u00e4\u00dfen Spannungsmuster. Ankommen in der Leichtigkeit und M\u00fchelosigkeit freier Bewegung. Ankommen und dabei im Fluss sein. &nbsp; Darin unterst\u00fctze ich Sie gern\u00a0mit [&hellip;]<\/p>\n","protected":false},"author":1,"featured_media":0,"parent":0,"menu_order":0,"comment_status":"closed","ping_status":"closed","template":"","meta":{"_et_pb_use_builder":"on","_et_pb_old_content":"<!-- wp:preformatted -->\n<pre class=\"wp-block-preformatted\"><\/pre>\n<!-- \/wp:preformatted -->\n\n<!-- wp:media-text -->\n<div class=\"wp-block-media-text alignwide is-stacked-on-mobile\"><figure class=\"wp-block-media-text__media\"><\/figure><div class=\"wp-block-media-text__content\"><!-- wp:paragraph {\"placeholder\":\"Inhalt...\",\"fontSize\":\"large\"} -->\n<p class=\"has-large-font-size\"><\/p>\n<!-- \/wp:paragraph --><\/div><\/div>\n<!-- \/wp:media-text -->\n\n<div id=\"content_container\" class=\"content\">\n<h3><span style=\"color: #880000;\"><span style=\"font-size: 12px;\"><span style=\"font-size: 14px;\"><span style=\"font-size: 18px;\"><span style=\"font-size: 18px;\">Ankommen...<\/span><\/span><\/span><\/span><\/span><\/h3>\n<p><img class=\"alignnone wp-image-23 size-medium\" title=\"Ruth Maria Kr\u00e4mer\" src=\"http:\/\/ruthkraemer.de\/wp-content\/uploads\/2016\/02\/Ruth2querWeb-300x217.jpg\" alt=\"Ruth Maria Kr\u00e4mer\" width=\"300\" height=\"217\"><\/p>\n<h2><span style=\"color: #800000;\">Ruth Maria Kr\u00e4mer, Heilpraktikerin, Osteopath F.O.<\/span><\/h2>\n<p><span style=\"color: #808080;\">Funktionelle Osteopathie und craniosacrale Therapie f\u00fcr Neugeborene, Babys, Kinder und Erwachsene<\/span><\/p>\n<p><\/p>\n<p><span style=\"color: #800000;\"><strong>&nbsp; &nbsp; &nbsp; Ankommen\u2026<\/strong><\/span><\/p>\n<p style=\"text-align: justify; padding-left: 30px;\"><span style=\"color: #800000;\">Ankommen in mir.<\/span><\/p>\n<p style=\"text-align: justify; padding-left: 30px;\"><span style=\"color: #800000;\">\u201eZu Hause sein\u201c.<\/span><\/p>\n<p style=\"text-align: justify; padding-left: 30px;\"><span style=\"color: #800000;\">Ankommen in einem mir gem\u00e4\u00dfen Spannungsmuster.<\/span><\/p>\n<p style=\"text-align: justify; padding-left: 30px;\"><span style=\"color: #800000;\">Ankommen in der Leichtigkeit und M\u00fchelosigkeit freier Bewegung.<\/span><\/p>\n<p style=\"text-align: justify; padding-left: 30px;\"><span style=\"color: #800000;\">Ankommen und dabei im Fluss sein.<\/span><\/p>\n<p><\/p>\n<h4><span style=\"color: #808080;\">Darin unterst\u00fctze ich Sie gern&nbsp;mit meinem Engagement, meiner Erfahrung und Kompetenz!<\/span><\/h4>\n<h4><span style=\"color: #808080;\"><strong>Willkommen!&nbsp;&nbsp;&nbsp;<\/strong><\/span><\/h4>\n<\/div>\n<p><!--more--><\/p>\n<div id=\"content_container\" class=\"content\">\n<h4><strong>Aktuell: Auch in Zeiten von Covid-19 finden Behandlungen statt!<\/strong><\/h4>\n<p><strong>Bitte tragen Sie in der Praxis eine FFP2- oder eine OP-Maske.<\/strong><\/p>\n<h4>Bitte betreten Sie die Praxis erst, wenn der Patient vor Ihnen die Praxis verlassen hat, und waschen und\/oder desinfizieren Sie sich umgehend die H\u00e4nde. Durch das Tragen von Masken, Handhygiene sowie regelm\u00e4\u00dfiges L\u00fcften und h\u00e4ufiges Desinfizieren von T\u00fcrgriffen k\u00f6nnen wir gemeinsam das Infektionsrisiko minimieren.&nbsp;<\/h4>\n<p><\/p>\n<\/div>","_et_gb_content_width":"","footnotes":""},"class_list":["post-6","page","type-page","status-publish","hentry"],"_links":{"self":[{"href":"http:\/\/ruthkraemer.de\/index.php?rest_route=\/wp\/v2\/pages\/6","targetHints":{"allow":["GET"]}}],"collection":[{"href":"http:\/\/ruthkraemer.de\/index.php?rest_route=\/wp\/v2\/pages"}],"about":[{"href":"http:\/\/ruthkraemer.de\/index.php?rest_route=\/wp\/v2\/types\/page"}],"author":[{"embeddable":true,"href":"http:\/\/ruthkraemer.de\/index.php?rest_route=\/wp\/v2\/users\/1"}],"replies":[{"embeddable":true,"href":"http:\/\/ruthkraemer.de\/index.php?rest_route=%2Fwp%2Fv2%2Fcomments&post=6"}],"version-history":[{"count":45,"href":"http:\/\/ruthkraemer.de\/index.php?rest_route=\/wp\/v2\/pages\/6\/revisions"}],"predecessor-version":[{"id":437,"href":"http:\/\/ruthkraemer.de\/index.php?rest_route=\/wp\/v2\/pages\/6\/revisions\/437"}],"wp:attachment":[{"href":"http:\/\/ruthkraemer.de\/index.php?rest_route=%2Fwp%2Fv2%2Fmedia&parent=6"}],"curies":[{"name":"wp","href":"https:\/\/api.w.org\/{rel}","templated":true}]}}